{"id":3674,"date":"2020-11-09T08:45:23","date_gmt":"2020-11-09T08:45:23","guid":{"rendered":"https:\/\/homeid-elementor.g5plus.net\/?page_id=3674"},"modified":"2025-10-07T12:07:55","modified_gmt":"2025-10-07T16:07:55","slug":"testimonial","status":"publish","type":"page","link":"https:\/\/mohsenrafiee.com\/fr\/testimonial","title":{"rendered":"T\u00e9moignage"},"content":{"rendered":"<div data-elementor-type=\"wp-page\" data-elementor-id=\"3674\" class=\"elementor elementor-3674\" data-elementor-post-type=\"page\">\n\t\t\t\t\t\t<section class=\"elementor-section elementor-top-section elementor-element elementor-element-6111e808a4280 elementor-section-stretched elementor-section-boxed elementor-section-height-default elementor-section-height-default\" data-id=\"6111e808a4280\" data-element_type=\"section\" data-settings=\"{&quot;stretch_section&quot;:&quot;section-stretched&quot;,&quot;background_background&quot;:&quot;classic&quot;}\">\n\t\t\t\t\t\t<div class=\"elementor-container elementor-column-gap-default\">\n\t\t\t\t\t<div class=\"elementor-column elementor-col-100 elementor-top-column elementor-element elementor-element-ef95432\" data-id=\"ef95432\" data-element_type=\"column\">\n\t\t\t<div class=\"elementor-widget-wrap elementor-element-populated\">\n\t\t\t\t\t\t<div class=\"elementor-element elementor-element-d6de988 elementor-widget elementor-widget-ube-breadcrumbs\" data-id=\"d6de988\" data-element_type=\"widget\" data-widget_type=\"ube-breadcrumbs.default\">\n\t\t\t\t<div class=\"elementor-widget-container\">\n\t\t\t\t\t<nav aria-label=\"breadcrumb\">\n\t\t<ol class=\"ube-breadcrumbs breadcrumbs list-unstyled d-inline-flex flex-wrap align-items-center m-0\"><li class=\"breadcrumb-item\"><a href=\"https:\/\/mohsenrafiee.com\/fr\">Maison<\/a><\/li><\/ol><\/nav>\t\t\t\t<\/div>\n\t\t\t\t<\/div>\n\t\t\t\t<div class=\"elementor-element elementor-element-1698a25 elementor-align-center elementor-widget__width-initial elementor-widget elementor-widget-ube-heading\" data-id=\"1698a25\" data-element_type=\"widget\" data-widget_type=\"ube-heading.default\">\n\t\t\t\t<div class=\"elementor-widget-container\">\n\t\t\t\t\t<div class=\"ube-heading\">\n\t<h2 class=\"ube-heading-title\">Quelques commentaires de nos clients<\/h2><\/div>\t\t\t\t<\/div>\n\t\t\t\t<\/div>\n\t\t\t\t<div class=\"elementor-element elementor-element-3ae7948 elementor-align-center elementor-widget elementor-widget-ube-advanced-testimonial\" data-id=\"3ae7948\" data-element_type=\"widget\" data-widget_type=\"ube-advanced-testimonial.default\">\n\t\t\t\t<div class=\"elementor-widget-container\">\n\t\t\t\t\t        <div data-slick-options=\"{&quot;vertical&quot;:false,&quot;verticalSwiping&quot;:false,&quot;slidesToShow&quot;:3,&quot;slidesToScroll&quot;:3,&quot;centerMode&quot;:false,&quot;centerPadding&quot;:null,&quot;arrows&quot;:false,&quot;dots&quot;:true,&quot;infinite&quot;:false,&quot;adaptiveHeight&quot;:false,&quot;speed&quot;:300,&quot;autoplay&quot;:false,&quot;pauseOnHover&quot;:false,&quot;fade&quot;:false,&quot;rtl&quot;:false,&quot;focusOnSelect&quot;:false,&quot;draggable&quot;:true,&quot;variableWidth&quot;:false,&quot;responsive&quot;:[{&quot;breakpoint&quot;:1025,&quot;settings&quot;:{&quot;slidesToShow&quot;:2,&quot;slidesToScroll&quot;:2,&quot;centerPadding&quot;:&quot;0px&quot;,&quot;arrows&quot;:false,&quot;dots&quot;:true}},{&quot;breakpoint&quot;:768,&quot;settings&quot;:{&quot;slidesToShow&quot;:1,&quot;slidesToScroll&quot;:1,&quot;centerPadding&quot;:&quot;0px&quot;,&quot;arrows&quot;:false,&quot;dots&quot;:true}}]}\" class=\"ube-slider ube-testimonial-wrap slick-slider manual ube-slider-dot-position-outset\">\n\t\t\t\t\t\t\t<div class=\"ube-slider-item elementor-repeater-item-c483438\">\n\t\t\t\t\t<div class=\"ube-testimonial ube-testimonial-layout-03\">\n\t\t<div class=\"ube-testimonial-avatar\">\n\t\t<img decoding=\"async\" width=\"140\" height=\"140\" src=\"https:\/\/mohsenrafiee.com\/wp-content\/uploads\/2020\/07\/testimonial-03-2.jpg\" class=\"attachment-full size-full wp-image-380\" alt=\"\" \/>\t<\/div>\n\n<div class=\"ube-testimonial-content\">\n\t\t\t<p class=\"ube-testimonial-client-say\">\n\t\t\tCertains de nos clients, Mohsen Rafiei, ont rendu l'achat de leur maison aussi agr\u00e9able que possible. Tout a \u00e9t\u00e9 r\u00e9alis\u00e9 avec transparence et pr\u00e9cision.\t\t<\/p>\n\t\t\t<div class=\"ube-testimonial-info\">\n\t\t\t\t\t<h4 class=\"ube-testimonial-author-name\">\n\t\t\t\t Ahmadi Family\t\t\t<\/h4>\n\t\t\t\t\t<\/div>\n<\/div>\n<\/div>\t\t\t\t<\/div>\n\t\t\t\t\t\t\t<div class=\"ube-slider-item elementor-repeater-item-dc4895f\">\n\t\t\t\t\t<div class=\"ube-testimonial ube-testimonial-layout-03\">\n\t\t<div class=\"ube-testimonial-avatar\">\n\t\t<img decoding=\"async\" width=\"140\" height=\"140\" src=\"https:\/\/mohsenrafiee.com\/wp-content\/uploads\/2020\/07\/testimonial-05-2.jpg\" class=\"attachment-full size-full wp-image-438\" alt=\"\" \/>\t<\/div>\n\n<div class=\"ube-testimonial-content\">\n\t\t\t<p class=\"ube-testimonial-client-say\">\n\t\t\tLeur connaissance de la construction et du march\u00e9 immobilier nous a vraiment aid\u00e9 \u00e0 faire le bon choix.\t\t<\/p>\n\t\t\t<div class=\"ube-testimonial-info\">\n\t\t\t\t\t<h4 class=\"ube-testimonial-author-name\">\n\t\t\t\tAli and Sarah\t\t\t<\/h4>\n\t\t\t\t\t<\/div>\n<\/div>\n<\/div>\t\t\t\t<\/div>\n\t\t\t\t\t\t\t<div class=\"ube-slider-item elementor-repeater-item-b65c9c4\">\n\t\t\t\t\t<div class=\"ube-testimonial ube-testimonial-layout-03\">\n\t\t<div class=\"ube-testimonial-avatar\">\n\t\t<img decoding=\"async\" width=\"140\" height=\"140\" src=\"https:\/\/mohsenrafiee.com\/wp-content\/uploads\/2020\/07\/testimonial-04-2.jpg\" class=\"attachment-full size-full wp-image-381\" alt=\"\" \/>\t<\/div>\n\n<div class=\"ube-testimonial-content\">\n\t\t\t<p class=\"ube-testimonial-client-say\">\n\t\t\tMohsen Rafiei n'est pas seulement un courtier, il se soucie vraiment de ses clients. Nous sommes ravis de collaborer avec lui.\t\t<\/p>\n\t\t\t<div class=\"ube-testimonial-info\">\n\t\t\t\t\t<h4 class=\"ube-testimonial-author-name\">\n\t\t\t\tHamid and Narges\t\t\t<\/h4>\n\t\t\t\t\t<\/div>\n<\/div>\n<\/div>\t\t\t\t<\/div>\n\t\t\t        <\/div>\n\t\t\t\t\t\t<\/div>\n\t\t\t\t<\/div>\n\t\t\t\t\t<\/div>\n\t\t<\/div>\n\t\t\t\t\t<\/div>\n\t\t<\/section>\n\t\t\t\t<section class=\"elementor-section elementor-top-section elementor-element elementor-element-6111e82355f5d elementor-section-stretched elementor-section-boxed elementor-section-height-default elementor-section-height-default\" data-id=\"6111e82355f5d\" data-element_type=\"section\" data-settings=\"{&quot;stretch_section&quot;:&quot;section-stretched&quot;}\">\n\t\t\t\t\t\t<div class=\"elementor-container elementor-column-gap-default\">\n\t\t\t\t\t<div class=\"elementor-column elementor-col-50 elementor-top-column elementor-element elementor-element-50f28a6\" data-id=\"50f28a6\" data-element_type=\"column\">\n\t\t\t<div class=\"elementor-widget-wrap elementor-element-populated\">\n\t\t\t\t\t\t<div class=\"elementor-element elementor-element-36f32b3 elementor-widget elementor-widget-ube-heading\" data-id=\"36f32b3\" data-element_type=\"widget\" data-widget_type=\"ube-heading.default\">\n\t\t\t\t<div class=\"elementor-widget-container\">\n\t\t\t\t\t<div class=\"ube-heading\">\n\t<h2 class=\"ube-heading-title\">Ce que disent les clients \n<br>\u00c0 propos de nous<\/h2><div class=\"ube-heading-description\"><p>Oui, nous aidons les clients \u00e0 vendre leur maison, mais pour nous, il s\u2019agit de bien plus que de conclure une affaire.<\/p><\/div><\/div>\t\t\t\t<\/div>\n\t\t\t\t<\/div>\n\t\t\t\t<div class=\"elementor-element elementor-element-4f59b65 elementor-widget elementor-widget-ube-button\" data-id=\"4f59b65\" data-element_type=\"widget\" data-widget_type=\"ube-button.default\">\n\t\t\t\t<div class=\"elementor-widget-container\">\n\t\t\t\t\t<a class=\"ube-btn btn btn-md btn-rounded btn-outline btn-outline-accent btn-accent ube-btn-icon-right\" href=\"#\">\n\t    <span class=\"ube-btn-text\">Explorez tout<\/span>\n\t        <span class=\"ube-btn-icon ube-icon\"><i aria-hidden=\"true\" class=\"fas fa-long-arrow-alt-right\"><\/i><\/span>\n\t<\/a>\n\n\n\t\t\t\t<\/div>\n\t\t\t\t<\/div>\n\t\t\t\t\t<\/div>\n\t\t<\/div>\n\t\t\t\t<div class=\"elementor-column elementor-col-50 elementor-top-column elementor-element elementor-element-9db3b75\" data-id=\"9db3b75\" data-element_type=\"column\">\n\t\t\t<div class=\"elementor-widget-wrap elementor-element-populated\">\n\t\t\t\t\t\t<div class=\"elementor-element elementor-element-332b210 custom-el-slider-02 elementor-align-left elementor-widget elementor-widget-ube-advanced-testimonial\" data-id=\"332b210\" data-element_type=\"widget\" data-widget_type=\"ube-advanced-testimonial.default\">\n\t\t\t\t<div class=\"elementor-widget-container\">\n\t\t\t\t\t        <div data-slick-options=\"{&quot;vertical&quot;:false,&quot;verticalSwiping&quot;:false,&quot;slidesToShow&quot;:1,&quot;slidesToScroll&quot;:1,&quot;centerMode&quot;:true,&quot;centerPadding&quot;:&quot;0&quot;,&quot;arrows&quot;:false,&quot;dots&quot;:true,&quot;infinite&quot;:true,&quot;adaptiveHeight&quot;:false,&quot;speed&quot;:300,&quot;autoplay&quot;:false,&quot;pauseOnHover&quot;:false,&quot;fade&quot;:false,&quot;rtl&quot;:false,&quot;focusOnSelect&quot;:false,&quot;draggable&quot;:true,&quot;variableWidth&quot;:false,&quot;responsive&quot;:[{&quot;breakpoint&quot;:1025,&quot;settings&quot;:{&quot;slidesToShow&quot;:1,&quot;slidesToScroll&quot;:1,&quot;centerPadding&quot;:&quot;0&quot;,&quot;arrows&quot;:false,&quot;dots&quot;:true}},{&quot;breakpoint&quot;:768,&quot;settings&quot;:{&quot;slidesToShow&quot;:1,&quot;slidesToScroll&quot;:1,&quot;centerPadding&quot;:&quot;0&quot;,&quot;arrows&quot;:false,&quot;dots&quot;:true}}]}\" class=\"ube-slider ube-testimonial-wrap slick-slider manual ube-slider-dot-position-outset ube-slider-same-height\">\n\t\t\t\t\t\t\t<div class=\"ube-slider-item elementor-repeater-item-244fbf2\">\n\t\t\t\t\t<div class=\"ube-testimonial ube-testimonial-layout-05\">\n\t<div class=\"ube-testimonial-content\">\n\t\t\t<p class=\"ube-testimonial-client-say\">\n\t\t\tTravailler avec Mohsen a \u00e9t\u00e9 la meilleure d\u00e9cision que nous ayons prise lors de notre recherche de logement. Il a simplifi\u00e9 le processus et nous a guid\u00e9s \u00e0 chaque \u00e9tape.\t\t<\/p>\n\t<\/div>\n<div class=\"ube-testimonial-info d-flex align-items-center\">\n\t\t\t<div class=\"ube-testimonial-avatar\">\n\t\t\t<img decoding=\"async\" width=\"140\" height=\"140\" src=\"https:\/\/mohsenrafiee.com\/wp-content\/uploads\/2020\/07\/testimonial-03-2.jpg\" class=\"attachment-full size-full wp-image-380\" alt=\"\" \/>\t\t<\/div>\n\t\t<div class=\"info\">\n\t\t\t\t\t\t\t<h4 class=\"ube-testimonial-author-name\">\n\t\t\t\tJohnson Family\t\t\t<\/h4>\n\t\t\t\t\t<\/div>\n<\/div>\n<\/div>\t\t\t\t<\/div>\n\t\t\t\t\t\t\t<div class=\"ube-slider-item elementor-repeater-item-6ac78a2\">\n\t\t\t\t\t<div class=\"ube-testimonial ube-testimonial-layout-05\">\n\t<div class=\"ube-testimonial-content\">\n\t\t\t<p class=\"ube-testimonial-client-say\">\n\t\t\tLa connaissance de Mohsen, tant en mati\u00e8re de construction que du march\u00e9 immobilier, nous a permis de choisir le bon investissement en toute confiance. Un professionnel et un investisseur digne de confiance.\t\t<\/p>\n\t<\/div>\n<div class=\"ube-testimonial-info d-flex align-items-center\">\n\t\t\t<div class=\"ube-testimonial-avatar\">\n\t\t\t<img loading=\"lazy\" decoding=\"async\" width=\"70\" height=\"70\" src=\"https:\/\/mohsenrafiee.com\/wp-content\/uploads\/2020\/07\/testimonial-06-2.jpg\" class=\"attachment-full size-full wp-image-383\" alt=\"\" \/>\t\t<\/div>\n\t\t<div class=\"info\">\n\t\t\t\t\t\t\t<h4 class=\"ube-testimonial-author-name\">\n\t\t\t\tAlex &amp; Sarah\t\t\t<\/h4>\n\t\t\t\t\t<\/div>\n<\/div>\n<\/div>\t\t\t\t<\/div>\n\t\t\t\t\t\t\t<div class=\"ube-slider-item elementor-repeater-item-54dec29\">\n\t\t\t\t\t<div class=\"ube-testimonial ube-testimonial-layout-05\">\n\t<div class=\"ube-testimonial-content\">\n\t\t\t<p class=\"ube-testimonial-client-say\">\n\t\t\tIl se soucie vraiment de ses clients. Mohsen a fait tout son possible pour nous garantir la meilleure offre. Nous sommes ravis.\t\t<\/p>\n\t<\/div>\n<div class=\"ube-testimonial-info d-flex align-items-center\">\n\t\t\t<div class=\"ube-testimonial-avatar\">\n\t\t\t<img decoding=\"async\" width=\"140\" height=\"140\" src=\"https:\/\/mohsenrafiee.com\/wp-content\/uploads\/2020\/07\/testimonial-04-2.jpg\" class=\"attachment-full size-full wp-image-381\" alt=\"\" \/>\t\t<\/div>\n\t\t<div class=\"info\">\n\t\t\t\t\t\t\t<h4 class=\"ube-testimonial-author-name\">\n\t\t\t\tDaniel &amp; Narges\t\t\t<\/h4>\n\t\t\t\t\t<\/div>\n<\/div>\n<\/div>\t\t\t\t<\/div>\n\t\t\t        <\/div>\n\t\t\t\t\t\t<\/div>\n\t\t\t\t<\/div>\n\t\t\t\t\t<\/div>\n\t\t<\/div>\n\t\t\t\t\t<\/div>\n\t\t<\/section>\n\t\t\t\t<\/div>","protected":false},"excerpt":{"rendered":"<p>Home Some of our customers&#8217; comments &#8220;Mohsen Rafiei made the home buying experience the best it could be. Everything was done transparently and accurately. Ahmadi Family Their knowledge of construction and the real estate market really helped us make the right choice. Ali and Sarah Mohsen Rafiei is not just a broker, he really cares [&hellip;]<\/p>","protected":false},"author":1,"featured_media":0,"parent":0,"menu_order":0,"comment_status":"closed","ping_status":"closed","template":"","meta":{"footnotes":""},"class_list":["post-3674","page","type-page","status-publish","hentry"],"_links":{"self":[{"href":"https:\/\/mohsenrafiee.com\/fr\/wp-json\/wp\/v2\/pages\/3674","targetHints":{"allow":["GET"]}}],"collection":[{"href":"https:\/\/mohsenrafiee.com\/fr\/wp-json\/wp\/v2\/pages"}],"about":[{"href":"https:\/\/mohsenrafiee.com\/fr\/wp-json\/wp\/v2\/types\/page"}],"author":[{"embeddable":true,"href":"https:\/\/mohsenrafiee.com\/fr\/wp-json\/wp\/v2\/users\/1"}],"replies":[{"embeddable":true,"href":"https:\/\/mohsenrafiee.com\/fr\/wp-json\/wp\/v2\/comments?post=3674"}],"version-history":[{"count":11,"href":"https:\/\/mohsenrafiee.com\/fr\/wp-json\/wp\/v2\/pages\/3674\/revisions"}],"predecessor-version":[{"id":9847,"href":"https:\/\/mohsenrafiee.com\/fr\/wp-json\/wp\/v2\/pages\/3674\/revisions\/9847"}],"wp:attachment":[{"href":"https:\/\/mohsenrafiee.com\/fr\/wp-json\/wp\/v2\/media?parent=3674"}],"curies":[{"name":"wp","href":"https:\/\/api.w.org\/{rel}","templated":true}]}}